{"id":175,"date":"2024-06-19T15:40:28","date_gmt":"2024-06-19T13:40:28","guid":{"rendered":"https:\/\/gdsfrontpopulaire.fr\/?page_id=175"},"modified":"2024-06-21T12:22:34","modified_gmt":"2024-06-21T10:22:34","slug":"qui-sommes-nous-2","status":"publish","type":"page","link":"https:\/\/gdsfrontpopulaire.fr\/index.php\/qui-sommes-nous-2\/","title":{"rendered":"Qui sommes nous"},"content":{"rendered":"\n<h4 class=\"wp-block-heading has-text-align-left\"><strong>La gauche d\u00e9mocratique et sociale a rejoint le Nouveau Front Populaire d\u00e8s le premier jour. C\u2019est<br>notre conviction de toujours&nbsp;: Sans unit\u00e9 rien de grand n\u2019est possible.<br>Si l\u2019unit\u00e9 est le moyen, le programme de r\u00e9ponses aux attentes sociales, d\u00e9mocratiques, \u00e9cologiques<br>est le but. Avec le Nouveau front populaire, nous avons les deux&nbsp;!<\/strong><\/h4>\n\n\n\n<h4 class=\"wp-block-heading has-text-align-left\"><strong><br>Pour contribuer \u00e0 la campagne \u00e9clair impos\u00e9e par Macron, nous mettons en place un site de<br>campagne avec vid\u00e9os, argumentaires, communiqu\u00e9s. Il est compl\u00e9mentaire de notre site officiel\u00a0:<br>http:\/\/www.gds-ds.org\/ qui publie r\u00e9guli\u00e8rement \u00e9ditos hebdomadaires et de tr\u00e8s nombreux<br>articles.<br><mark style=\"background-color:#c40000;color:#ffffff\" class=\"has-inline-color\"> Nous n\u2019avons que quelques jours pour gagner. On peut et on doit gagner\u00a0! <\/mark><\/strong><\/h4>\n\n\n\n<h4 class=\"wp-block-heading has-text-align-left\"><strong>Avec toutes les forces de la gauche et de l\u2019\u00e9cologie rassembl\u00e9es. En avant&nbsp;contre l\u2019extr\u00eame-droite anti sociale et liberticide et contre Macron et son ultra lib\u00e9ralisme, sa casse sociale et son m\u00e9pris. <\/strong><\/h4>\n\n\n\n<h4 class=\"wp-block-heading has-text-align-left has-link-color wp-elements-1b3e1cf9625fd093f81032c4c40eb0e5\" style=\"font-style:normal;font-weight:700\"><strong>Pour adh\u00e9rer<\/strong> et recevoir la revue mensuelle D\u00e9mocratie &amp; Socialisme (50 \u20ac\/an) c&#8217;est ici : <a href=\"http:\/\/www.gds-ds.org\/adherer\/\">Adh\u00e9rer \u00e0 la GDS<\/a><\/h4>\n\n\n\n<h4 class=\"wp-block-heading has-text-align-left\"><\/h4>\n","protected":false},"excerpt":{"rendered":"<p>La gauche d\u00e9mocratique et sociale a rejoint le Nouveau Front Populaire d\u00e8s le premier jour. C\u2019estnotre conviction de toujours&nbsp;: Sans unit\u00e9 rien de grand n\u2019est possible.Si l\u2019unit\u00e9 est le moyen, le programme de r\u00e9ponses aux attentes sociales, d\u00e9mocratiques, \u00e9cologiquesest le but. Avec le Nouveau front populaire, nous avons les deux&nbsp;! Pour contribuer \u00e0 la campagne&#8230;<\/p>\n","protected":false},"author":1,"featured_media":0,"parent":0,"menu_order":0,"comment_status":"closed","ping_status":"closed","template":"","meta":{"_kad_post_transparent":"","_kad_post_title":"","_kad_post_layout":"","_kad_post_sidebar_id":"","_kad_post_content_style":"","_kad_post_vertical_padding":"","_kad_post_feature":"","_kad_post_feature_position":"","_kad_post_header":false,"_kad_post_footer":false,"footnotes":""},"class_list":["post-175","page","type-page","status-publish","hentry"],"_links":{"self":[{"href":"https:\/\/gdsfrontpopulaire.fr\/index.php\/wp-json\/wp\/v2\/pages\/175","targetHints":{"allow":["GET"]}}],"collection":[{"href":"https:\/\/gdsfrontpopulaire.fr\/index.php\/wp-json\/wp\/v2\/pages"}],"about":[{"href":"https:\/\/gdsfrontpopulaire.fr\/index.php\/wp-json\/wp\/v2\/types\/page"}],"author":[{"embeddable":true,"href":"https:\/\/gdsfrontpopulaire.fr\/index.php\/wp-json\/wp\/v2\/users\/1"}],"replies":[{"embeddable":true,"href":"https:\/\/gdsfrontpopulaire.fr\/index.php\/wp-json\/wp\/v2\/comments?post=175"}],"version-history":[{"count":7,"href":"https:\/\/gdsfrontpopulaire.fr\/index.php\/wp-json\/wp\/v2\/pages\/175\/revisions"}],"predecessor-version":[{"id":283,"href":"https:\/\/gdsfrontpopulaire.fr\/index.php\/wp-json\/wp\/v2\/pages\/175\/revisions\/283"}],"wp:attachment":[{"href":"https:\/\/gdsfrontpopulaire.fr\/index.php\/wp-json\/wp\/v2\/media?parent=175"}],"curies":[{"name":"wp","href":"https:\/\/api.w.org\/{rel}","templated":true}]}}